{"id":79,"date":"2024-02-26T17:57:18","date_gmt":"2024-02-26T16:57:18","guid":{"rendered":"https:\/\/foxast.it\/?page_id=79"},"modified":"2024-02-28T18:46:13","modified_gmt":"2024-02-28T17:46:13","slug":"story","status":"publish","type":"page","link":"https:\/\/foxast.it\/?page_id=79","title":{"rendered":"Story"},"content":{"rendered":"\n<p><em>Il tutto nasce per la passione (autodidatta) per il legno e le armi.<\/em><\/p>\n\n\n\n<p><em>Cos\u00ec mi diletto a realizzare per le mie &#8220;bambine&#8221;, manufatti in legno ricoperti con pelli di vari colori e guancette per le adorate &#8220;Colt&#8221;.&nbsp;Qualcuna \u00e8 stata anche ceduta in cambio di altri oggetti, sempre pertinenti al mondo delle armi, in particolare &#8220;Colt&#8221;.<\/em><\/p>\n\n\n\n<p><em>Pertanto, tutti i miei articoli, vengono realizzati a mano utilizzando sia stoffe e sia pellami di prima qualit\u00e0, quest&#8217;ultimi prodotti da mani esperte del polo conciario di Solofra (AV) ed Arzignano (VI).<\/em><\/p>\n\n\n\n<p><em>Per vari motivi tutti gli articoli sono da ritenersi pezzi unici, giacch\u00e9 sono stati realizzati interamente a mano nella mia bottega, ragion per cui ogni minima variazione od imperfezione, \u00e8 da considerarsi un valore aggiunto dell&#8217;artigianalit\u00e0.<\/em><\/p>\n\n\n\n<p><em>Pronto ad accettare &#8220;scambi&#8221; e qualsiasi suggerimento o critica: non esitate a contattarmi.<\/em><\/p>\n\n\n\n<p><strong><em>&nbsp;&nbsp;&nbsp;&nbsp;&nbsp;&nbsp;&nbsp;&nbsp;&nbsp;&nbsp;&nbsp;&nbsp;&nbsp;&nbsp;&nbsp;&nbsp;&nbsp;&nbsp;&nbsp;&nbsp;&nbsp;&nbsp;&nbsp;&nbsp;&nbsp;&nbsp;&nbsp;&nbsp;&nbsp;&nbsp;&nbsp;&nbsp;&nbsp;&nbsp;&nbsp;&nbsp;&nbsp;&nbsp;&nbsp;&nbsp;&nbsp;&nbsp;&nbsp;&nbsp;&nbsp;&nbsp;&nbsp;&nbsp;&nbsp;&nbsp;&nbsp;&nbsp;&nbsp;&nbsp;&nbsp;&nbsp;&nbsp;&nbsp;&nbsp;&nbsp;&nbsp;&nbsp;&nbsp;&nbsp;&nbsp; Ciao a tutti.<\/em><\/strong><\/p>\n\n\n\n<p><em>&nbsp;&nbsp;&nbsp;&nbsp;&nbsp;&nbsp;&nbsp;&nbsp;&nbsp;&nbsp;&nbsp;&nbsp;&nbsp;&nbsp;&nbsp;&nbsp;&nbsp;&nbsp;&nbsp;&nbsp;&nbsp;&nbsp;&nbsp;&nbsp;&nbsp;&nbsp;&nbsp;&nbsp;&nbsp;&nbsp;&nbsp;&nbsp;&nbsp;&nbsp;&nbsp;&nbsp;&nbsp;&nbsp;&nbsp;&nbsp;&nbsp;&nbsp;&nbsp;&nbsp;&nbsp;&nbsp;&nbsp;&nbsp;&nbsp;&nbsp;&nbsp;&nbsp;&nbsp;&nbsp;&nbsp; &nbsp;&nbsp;&nbsp;&nbsp;&nbsp;Pasquale<\/em><\/p>\n","protected":false},"excerpt":{"rendered":"<p>Il tutto nasce per la passione (autodidatta) per il legno e le armi. Cos\u00ec mi diletto a realizzare per le [&hellip;]<\/p>\n","protected":false},"author":1,"featured_media":0,"parent":0,"menu_order":0,"comment_status":"closed","ping_status":"closed","template":"","meta":{"site-sidebar-layout":"default","site-content-layout":"","ast-site-content-layout":"","site-content-style":"default","site-sidebar-style":"default","ast-global-header-display":"","ast-banner-title-visibility":"","ast-main-header-display":"","ast-hfb-above-header-display":"","ast-hfb-below-header-display":"","ast-hfb-mobile-header-display":"","site-post-title":"","ast-breadcrumbs-content":"","ast-featured-img":"","footer-sml-layout":"","theme-transparent-header-meta":"","adv-header-id-meta":"","stick-header-meta":"","header-above-stick-meta":"","header-main-stick-meta":"","header-below-stick-meta":"","astra-migrate-meta-layouts":"default","ast-page-background-enabled":"default","ast-page-background-meta":{"desktop":{"background-color":"var(--ast-global-color-4)","background-image":"","background-repeat":"repeat","background-position":"center center","background-size":"auto","background-attachment":"scroll","background-type":"","background-media":"","overlay-type":"","overlay-color":"","overlay-gradient":""},"tablet":{"background-color":"","background-image":"","background-repeat":"repeat","background-position":"center center","background-size":"auto","background-attachment":"scroll","background-type":"","background-media":"","overlay-type":"","overlay-color":"","overlay-gradient":""},"mobile":{"background-color":"","background-image":"","background-repeat":"repeat","background-position":"center center","background-size":"auto","background-attachment":"scroll","background-type":"","background-media":"","overlay-type":"","overlay-color":"","overlay-gradient":""}},"ast-content-background-meta":{"desktop":{"background-color":"var(--ast-global-color-5)","background-image":"","background-repeat":"repeat","background-position":"center center","background-size":"auto","background-attachment":"scroll","background-type":"","background-media":"","overlay-type":"","overlay-color":"","overlay-gradient":""},"tablet":{"background-color":"var(--ast-global-color-5)","background-image":"","background-repeat":"repeat","background-position":"center center","background-size":"auto","background-attachment":"scroll","background-type":"","background-media":"","overlay-type":"","overlay-color":"","overlay-gradient":""},"mobile":{"background-color":"var(--ast-global-color-5)","background-image":"","background-repeat":"repeat","background-position":"center center","background-size":"auto","background-attachment":"scroll","background-type":"","background-media":"","overlay-type":"","overlay-color":"","overlay-gradient":""}},"footnotes":""},"class_list":["post-79","page","type-page","status-publish","hentry"],"yoast_head":"<!-- This site is optimized with the Yoast SEO plugin v22.2 - https:\/\/yoast.com\/wordpress\/plugins\/seo\/ -->\n<title>Story - foxast.it<\/title>\n<meta name=\"robots\" content=\"index, follow, max-snippet:-1, max-image-preview:large, max-video-preview:-1\" \/>\n<link rel=\"canonical\" href=\"https:\/\/foxast.it\/?page_id=79\" \/>\n<meta property=\"og:locale\" content=\"it_IT\" \/>\n<meta property=\"og:type\" content=\"article\" \/>\n<meta property=\"og:title\" content=\"Story - foxast.it\" \/>\n<meta property=\"og:description\" content=\"Il tutto nasce per la passione (autodidatta) per il legno e le armi. Cos\u00ec mi diletto a realizzare per le [&hellip;]\" \/>\n<meta property=\"og:url\" content=\"https:\/\/foxast.it\/?page_id=79\" \/>\n<meta property=\"og:site_name\" content=\"foxast.it\" \/>\n<meta property=\"article:modified_time\" content=\"2024-02-28T17:46:13+00:00\" \/>\n<meta name=\"twitter:card\" content=\"summary_large_image\" \/>\n<meta name=\"twitter:label1\" content=\"Tempo di lettura stimato\" \/>\n\t<meta name=\"twitter:data1\" content=\"1 minuto\" \/>\n<script type=\"application\/ld+json\" class=\"yoast-schema-graph\">{\"@context\":\"https:\/\/schema.org\",\"@graph\":[{\"@type\":\"WebPage\",\"@id\":\"https:\/\/foxast.it\/?page_id=79\",\"url\":\"https:\/\/foxast.it\/?page_id=79\",\"name\":\"Story - foxast.it\",\"isPartOf\":{\"@id\":\"https:\/\/foxast.it\/#website\"},\"datePublished\":\"2024-02-26T16:57:18+00:00\",\"dateModified\":\"2024-02-28T17:46:13+00:00\",\"breadcrumb\":{\"@id\":\"https:\/\/foxast.it\/?page_id=79#breadcrumb\"},\"inLanguage\":\"it-IT\",\"potentialAction\":[{\"@type\":\"ReadAction\",\"target\":[\"https:\/\/foxast.it\/?page_id=79\"]}]},{\"@type\":\"BreadcrumbList\",\"@id\":\"https:\/\/foxast.it\/?page_id=79#breadcrumb\",\"itemListElement\":[{\"@type\":\"ListItem\",\"position\":1,\"name\":\"Home\",\"item\":\"https:\/\/foxast.it\/\"},{\"@type\":\"ListItem\",\"position\":2,\"name\":\"Story\"}]},{\"@type\":\"WebSite\",\"@id\":\"https:\/\/foxast.it\/#website\",\"url\":\"https:\/\/foxast.it\/\",\"name\":\"foxast.it\",\"description\":\"\",\"publisher\":{\"@id\":\"https:\/\/foxast.it\/#organization\"},\"potentialAction\":[{\"@type\":\"SearchAction\",\"target\":{\"@type\":\"EntryPoint\",\"urlTemplate\":\"https:\/\/foxast.it\/?s={search_term_string}\"},\"query-input\":\"required name=search_term_string\"}],\"inLanguage\":\"it-IT\"},{\"@type\":\"Organization\",\"@id\":\"https:\/\/foxast.it\/#organization\",\"name\":\"foxast.it\",\"url\":\"https:\/\/foxast.it\/\",\"logo\":{\"@type\":\"ImageObject\",\"inLanguage\":\"it-IT\",\"@id\":\"https:\/\/foxast.it\/#\/schema\/logo\/image\/\",\"url\":\"https:\/\/foxast.it\/wp-content\/uploads\/2024\/02\/cropped-Fox-Colore_Sito_Logo.jpg\",\"contentUrl\":\"https:\/\/foxast.it\/wp-content\/uploads\/2024\/02\/cropped-Fox-Colore_Sito_Logo.jpg\",\"width\":167,\"height\":173,\"caption\":\"foxast.it\"},\"image\":{\"@id\":\"https:\/\/foxast.it\/#\/schema\/logo\/image\/\"}}]}<\/script>\n<!-- \/ Yoast SEO plugin. -->","yoast_head_json":{"title":"Story - foxast.it","robots":{"index":"index","follow":"follow","max-snippet":"max-snippet:-1","max-image-preview":"max-image-preview:large","max-video-preview":"max-video-preview:-1"},"canonical":"https:\/\/foxast.it\/?page_id=79","og_locale":"it_IT","og_type":"article","og_title":"Story - foxast.it","og_description":"Il tutto nasce per la passione (autodidatta) per il legno e le armi. Cos\u00ec mi diletto a realizzare per le [&hellip;]","og_url":"https:\/\/foxast.it\/?page_id=79","og_site_name":"foxast.it","article_modified_time":"2024-02-28T17:46:13+00:00","twitter_card":"summary_large_image","twitter_misc":{"Tempo di lettura stimato":"1 minuto"},"schema":{"@context":"https:\/\/schema.org","@graph":[{"@type":"WebPage","@id":"https:\/\/foxast.it\/?page_id=79","url":"https:\/\/foxast.it\/?page_id=79","name":"Story - foxast.it","isPartOf":{"@id":"https:\/\/foxast.it\/#website"},"datePublished":"2024-02-26T16:57:18+00:00","dateModified":"2024-02-28T17:46:13+00:00","breadcrumb":{"@id":"https:\/\/foxast.it\/?page_id=79#breadcrumb"},"inLanguage":"it-IT","potentialAction":[{"@type":"ReadAction","target":["https:\/\/foxast.it\/?page_id=79"]}]},{"@type":"BreadcrumbList","@id":"https:\/\/foxast.it\/?page_id=79#breadcrumb","itemListElement":[{"@type":"ListItem","position":1,"name":"Home","item":"https:\/\/foxast.it\/"},{"@type":"ListItem","position":2,"name":"Story"}]},{"@type":"WebSite","@id":"https:\/\/foxast.it\/#website","url":"https:\/\/foxast.it\/","name":"foxast.it","description":"","publisher":{"@id":"https:\/\/foxast.it\/#organization"},"potentialAction":[{"@type":"SearchAction","target":{"@type":"EntryPoint","urlTemplate":"https:\/\/foxast.it\/?s={search_term_string}"},"query-input":"required name=search_term_string"}],"inLanguage":"it-IT"},{"@type":"Organization","@id":"https:\/\/foxast.it\/#organization","name":"foxast.it","url":"https:\/\/foxast.it\/","logo":{"@type":"ImageObject","inLanguage":"it-IT","@id":"https:\/\/foxast.it\/#\/schema\/logo\/image\/","url":"https:\/\/foxast.it\/wp-content\/uploads\/2024\/02\/cropped-Fox-Colore_Sito_Logo.jpg","contentUrl":"https:\/\/foxast.it\/wp-content\/uploads\/2024\/02\/cropped-Fox-Colore_Sito_Logo.jpg","width":167,"height":173,"caption":"foxast.it"},"image":{"@id":"https:\/\/foxast.it\/#\/schema\/logo\/image\/"}}]}},"_links":{"self":[{"href":"https:\/\/foxast.it\/index.php?rest_route=\/wp\/v2\/pages\/79","targetHints":{"allow":["GET"]}}],"collection":[{"href":"https:\/\/foxast.it\/index.php?rest_route=\/wp\/v2\/pages"}],"about":[{"href":"https:\/\/foxast.it\/index.php?rest_route=\/wp\/v2\/types\/page"}],"author":[{"embeddable":true,"href":"https:\/\/foxast.it\/index.php?rest_route=\/wp\/v2\/users\/1"}],"replies":[{"embeddable":true,"href":"https:\/\/foxast.it\/index.php?rest_route=%2Fwp%2Fv2%2Fcomments&post=79"}],"version-history":[{"count":2,"href":"https:\/\/foxast.it\/index.php?rest_route=\/wp\/v2\/pages\/79\/revisions"}],"predecessor-version":[{"id":323,"href":"https:\/\/foxast.it\/index.php?rest_route=\/wp\/v2\/pages\/79\/revisions\/323"}],"wp:attachment":[{"href":"https:\/\/foxast.it\/index.php?rest_route=%2Fwp%2Fv2%2Fmedia&parent=79"}],"curies":[{"name":"wp","href":"https:\/\/api.w.org\/{rel}","templated":true}]}}